{"id":136,"date":"2020-03-10T12:38:17","date_gmt":"2020-03-10T12:38:17","guid":{"rendered":"http:\/\/awo-zuhause.org\/?page_id=136"},"modified":"2020-03-10T12:41:35","modified_gmt":"2020-03-10T12:41:35","slug":"ambulanter-pflegedienst","status":"publish","type":"page","link":"http:\/\/awo-zuhause.org\/","title":{"rendered":"Ambulanter Pflegedienst"},"content":{"rendered":"<p><b>Der Ambulante Dienst des Kreisverbandes der Arbeiterwohlfahrt Wunsiedel hat Erfahrung in der h\u00e4uslichen Kranken- und Altenpflege. Unser Ziel ist es, Sie nach Ihren Bed\u00fcrfnissen individuell und in Ihrer gewohnten Umgebung ganzheitlich zu pflegen.<\/b><\/p>\n<p>Wir glauben, dass das eigene Zuhause den Menschen Sicherheit und Geborgenheit gew\u00e4hrleistet und Ihnen die M\u00f6glichkeit bietet, den eigenen Lebensrhythmus und vorhandene sozialen Kontakte aufrecht zu erhalten. Unser Ziel ist es, Ihnen durch unsere Pflege ein m\u00f6glichst selbstbestimmtes Leben zu erm\u00f6glichen und weiteren Erkrankungen vorzubeugen.<\/p>\n<p>Hierzu arbeiten wir eng mit Ihren Angeh\u00f6rigen, \u00c4rzten, Sozialdiensten und Krankenh\u00e4usern zusammen. Gemeinsam erstellen wir f\u00fcr Sie einen individuellen Pflege- und Betreuungsplan.<\/p>\n","protected":false},"excerpt":{"rendered":"<p>Der Ambulante Dienst des Kreisverbandes der Arbeiterwohlfahrt Wunsiedel hat Erfahrung in der h\u00e4uslichen Kranken- und Altenpflege. Unser Ziel ist es, Sie nach Ihren Bed\u00fcrfnissen individuell und in Ihrer gewohnten Umgebung ganzheitlich zu pflegen. Wir glauben, dass das eigene Zuhause den Menschen Sicherheit und Geborgenheit gew\u00e4hrleistet und Ihnen die M\u00f6glichkeit bietet, den eigenen Lebensrhythmus und vorhandene sozialen Kontakte aufrecht zu erhalten.<\/p>\n","protected":false},"author":1,"featured_media":0,"parent":0,"menu_order":0,"comment_status":"closed","ping_status":"closed","template":"template-magazine.php","meta":{"footnotes":""},"class_list":["post-136","page","type-page","status-publish","hentry"],"_links":{"self":[{"href":"http:\/\/awo-zuhause.org\/index.php?rest_route=\/wp\/v2\/pages\/136","targetHints":{"allow":["GET"]}}],"collection":[{"href":"http:\/\/awo-zuhause.org\/index.php?rest_route=\/wp\/v2\/pages"}],"about":[{"href":"http:\/\/awo-zuhause.org\/index.php?rest_route=\/wp\/v2\/types\/page"}],"author":[{"embeddable":true,"href":"http:\/\/awo-zuhause.org\/index.php?rest_route=\/wp\/v2\/users\/1"}],"replies":[{"embeddable":true,"href":"http:\/\/awo-zuhause.org\/index.php?rest_route=%2Fwp%2Fv2%2Fcomments&post=136"}],"version-history":[{"count":1,"href":"http:\/\/awo-zuhause.org\/index.php?rest_route=\/wp\/v2\/pages\/136\/revisions"}],"predecessor-version":[{"id":137,"href":"http:\/\/awo-zuhause.org\/index.php?rest_route=\/wp\/v2\/pages\/136\/revisions\/137"}],"wp:attachment":[{"href":"http:\/\/awo-zuhause.org\/index.php?rest_route=%2Fwp%2Fv2%2Fmedia&parent=136"}],"curies":[{"name":"wp","href":"https:\/\/api.w.org\/{rel}","templated":true}]}}