{"id":39,"date":"2020-03-09T18:45:00","date_gmt":"2020-03-09T18:45:00","guid":{"rendered":"http:\/\/awo-zuhause.org\/?page_id=39"},"modified":"2020-03-10T13:14:29","modified_gmt":"2020-03-10T13:14:29","slug":"betreuung-und-service","status":"publish","type":"page","link":"http:\/\/awo-zuhause.org\/?page_id=39","title":{"rendered":"Betreuung und Hauswirtschaft"},"content":{"rendered":"\r\n<p><span class=\"text-fett\"><strong><span style=\"font-family: arial, helvetica, sans-serif; font-size: 14pt; color: #e2001f;\">Das bisschen Haushalt macht sich von allein \u2026\u2026 dem ist leider nicht so, und deshalb erbringen wir f\u00fcr Sie die Durchf\u00fchrung der t\u00e4glichen Haushaltsaufgaben:<\/span><\/strong><br \/><\/span><\/p>\r\n<ul>\r\n<li><span style=\"font-size: 12pt; font-family: arial, helvetica, sans-serif;\">Einkaufen gehen und Besorgungen erledigen<\/span><\/li>\r\n<li><span style=\"font-family: arial, helvetica, sans-serif; font-size: 12pt;\">Verrichten von anfallenden Reinigungsarbeiten<\/span><\/li>\r\n<li><span style=\"font-family: arial, helvetica, sans-serif; font-size: 12pt;\">W\u00e4sche wechseln, waschen und trocknen<\/span><\/li>\r\n<\/ul>\r\n<p><br \/><span style=\"font-family: arial, helvetica, sans-serif; font-size: 12pt;\">Die h\u00e4usliche Versorgung umfasst im Wesentlichen alle hauswirtschaftlichen Hilfsleistungen im Umfeld des Pflegebed\u00fcrftigen. Sie ist neben der Grundpflege Bestandteil des Sozialgesetzbuches (SGB) XI und geh\u00f6rt zur h\u00e4uslichen Pflege. Leistungstr\u00e4ger ist die Pflegekasse.<\/span><\/p>\r\n","protected":false},"excerpt":{"rendered":"<p>Das bisschen Haushalt macht sich von allein \u2026\u2026 dem ist leider nicht so, und deshalb erbringen wir f\u00fcr Sie die Durchf\u00fchrung der t\u00e4glichen Haushaltsaufgaben: Einkaufen gehen und Besorgungen erledigen Verrichten von anfallenden Reinigungsarbeiten W\u00e4sche wechseln, waschen und trocknen Die h\u00e4usliche Versorgung umfasst im Wesentlichen alle hauswirtschaftlichen Hilfsleistungen im Umfeld des Pflegebed\u00fcrftigen. Sie ist neben der Grundpflege Bestandteil des Sozialgesetzbuches (SGB)<\/p>\n","protected":false},"author":1,"featured_media":0,"parent":0,"menu_order":0,"comment_status":"closed","ping_status":"closed","template":"","meta":{"footnotes":""},"class_list":["post-39","page","type-page","status-publish","hentry"],"_links":{"self":[{"href":"http:\/\/awo-zuhause.org\/index.php?rest_route=\/wp\/v2\/pages\/39","targetHints":{"allow":["GET"]}}],"collection":[{"href":"http:\/\/awo-zuhause.org\/index.php?rest_route=\/wp\/v2\/pages"}],"about":[{"href":"http:\/\/awo-zuhause.org\/index.php?rest_route=\/wp\/v2\/types\/page"}],"author":[{"embeddable":true,"href":"http:\/\/awo-zuhause.org\/index.php?rest_route=\/wp\/v2\/users\/1"}],"replies":[{"embeddable":true,"href":"http:\/\/awo-zuhause.org\/index.php?rest_route=%2Fwp%2Fv2%2Fcomments&post=39"}],"version-history":[{"count":5,"href":"http:\/\/awo-zuhause.org\/index.php?rest_route=\/wp\/v2\/pages\/39\/revisions"}],"predecessor-version":[{"id":155,"href":"http:\/\/awo-zuhause.org\/index.php?rest_route=\/wp\/v2\/pages\/39\/revisions\/155"}],"wp:attachment":[{"href":"http:\/\/awo-zuhause.org\/index.php?rest_route=%2Fwp%2Fv2%2Fmedia&parent=39"}],"curies":[{"name":"wp","href":"https:\/\/api.w.org\/{rel}","templated":true}]}}