{"id":47,"date":"2020-03-09T17:59:57","date_gmt":"2020-03-09T17:59:57","guid":{"rendered":"http:\/\/awo-zuhause.org\/?page_id=47"},"modified":"2020-03-09T17:59:57","modified_gmt":"2020-03-09T17:59:57","slug":"impressum","status":"publish","type":"page","link":"http:\/\/awo-zuhause.org\/?page_id=47","title":{"rendered":"Impressum"},"content":{"rendered":"<p><strong>Angaben gem\u00e4\u00df \u00a75 TMG:<\/strong><br \/>\nAWO Kreisverband Wunsiedel i.F. e.V.<br \/>\nThiersheimer Strasse 1<br \/>\n95659 Arzberg<br \/>\nTelefon: +49 9233 400 96 0<br \/>\nTelefax: +49 9233 400 96 69<\/p>\n<p>Vereinsregister: AG Hof \u00a0VR 10460<\/p>\n<p><strong>Verantwortlich f\u00fcr den Inhalt nach \u00a7 55 Abs. 2 RStV:<\/strong><br \/>\nAWO Kreisverband Wunsiedel i.F. e.V.<br \/>\nThiersheimer Strasse 1<br \/>\n95659 Arzberg<br \/>\nTelefon: +49 9233 400 96 0<br \/>\nTelefax: +49 9233 400 96 69<\/p>\n<p><strong>Urheberrechte:<\/strong><br \/>\nAlle Texte, alle Fotos, alle Gestaltungselemente dieses Servers sind \u2013 sofern nicht ein anderer Urheberrechtsinhaber (beziehungsweise Verwertungsberechtigter) angegeben ist \u2013 urheberrechtlich gesch\u00fctzt. Jede Verwertung ohne Zustimmung AWO Kreisverband Wunsiedel i.F. e.V.\u00a0ist unzul\u00e4ssig. Soweit als Urheberrechtsinhaber (beziehungsweise Verwertungsberechtigter) ein Dritter angegeben ist, m\u00fcssen die Verwertungsrechte vor entsprechender Nutzung von diesem erworben werden.<\/p>\n<p><strong>Disclaimer:<\/strong><br \/>\nWir haben auf unseren Seiten Links zu anderen Seiten im Internet. F\u00fcr alle diese Links gilt, dass wir keinerlei Einfluss auf die Gestaltung und die Inhalte dieser Seiten haben. Deswegen \u00fcbernehmen wir auch keinerlei Verantwortung f\u00fcr Inhalt und Gestaltung dieser Seiten. Diese Erkl\u00e4rung gilt f\u00fcr alle auf unserer Internetpr\u00e4senz angezeigten Links und f\u00fcr alle Inhalte der Seiten, zu denen die bei uns angemeldeten Banner und Links f\u00fchren.<\/p>\n","protected":false},"excerpt":{"rendered":"<p>Angaben gem\u00e4\u00df \u00a75 TMG: AWO Kreisverband Wunsiedel i.F. e.V. Thiersheimer Strasse 1 95659 Arzberg Telefon: +49 9233 400 96 0 Telefax: +49 9233 400 96 69 Vereinsregister: AG Hof \u00a0VR 10460 Verantwortlich f\u00fcr den Inhalt nach \u00a7 55 Abs. 2 RStV: AWO Kreisverband Wunsiedel i.F. e.V. Thiersheimer Strasse 1 95659 Arzberg Telefon: +49 9233 400 96 0 Telefax: +49 9233<\/p>\n","protected":false},"author":1,"featured_media":0,"parent":0,"menu_order":0,"comment_status":"closed","ping_status":"closed","template":"","meta":{"footnotes":""},"class_list":["post-47","page","type-page","status-publish","hentry"],"_links":{"self":[{"href":"http:\/\/awo-zuhause.org\/index.php?rest_route=\/wp\/v2\/pages\/47","targetHints":{"allow":["GET"]}}],"collection":[{"href":"http:\/\/awo-zuhause.org\/index.php?rest_route=\/wp\/v2\/pages"}],"about":[{"href":"http:\/\/awo-zuhause.org\/index.php?rest_route=\/wp\/v2\/types\/page"}],"author":[{"embeddable":true,"href":"http:\/\/awo-zuhause.org\/index.php?rest_route=\/wp\/v2\/users\/1"}],"replies":[{"embeddable":true,"href":"http:\/\/awo-zuhause.org\/index.php?rest_route=%2Fwp%2Fv2%2Fcomments&post=47"}],"version-history":[{"count":2,"href":"http:\/\/awo-zuhause.org\/index.php?rest_route=\/wp\/v2\/pages\/47\/revisions"}],"predecessor-version":[{"id":51,"href":"http:\/\/awo-zuhause.org\/index.php?rest_route=\/wp\/v2\/pages\/47\/revisions\/51"}],"wp:attachment":[{"href":"http:\/\/awo-zuhause.org\/index.php?rest_route=%2Fwp%2Fv2%2Fmedia&parent=47"}],"curies":[{"name":"wp","href":"https:\/\/api.w.org\/{rel}","templated":true}]}}